{"id":4275,"date":"2020-06-11T12:25:29","date_gmt":"2020-06-11T12:25:29","guid":{"rendered":"https:\/\/new.ironex.sk\/lakatos-es-badogos-munkak\/"},"modified":"2020-06-11T12:25:30","modified_gmt":"2020-06-11T12:25:30","slug":"lakatos-es-badogos-munkak","status":"publish","type":"page","link":"https:\/\/www.ironex.sk\/hu\/lakatos-es-badogos-munkak\/","title":{"rendered":"LAKATOS \u00c9S B\u00c1DOGOS MUNK\u00c1K"},"content":{"rendered":"\t\t<div data-elementor-type=\"wp-page\" data-elementor-id=\"4275\" class=\"elementor elementor-4275 elementor-90\">\n\t\t\t\t\t\t<div class=\"elementor-inner\">\n\t\t\t\t<div class=\"elementor-section-wrap\">\n\t\t\t\t\t\t\t\t\t<section class=\"elementor-section elementor-top-section elementor-element elementor-element-5261650 elementor-section-height-min-height elementor-section-items-bottom elementor-section-content-bottom elementor-section-boxed elementor-section-height-default\" data-id=\"5261650\" data-element_type=\"section\" data-settings=\"{&quot;background_background&quot;:&quot;classic&quot;}\">\n\t\t\t\t\t\t\t<div class=\"elementor-background-overlay\"><\/div>\n\t\t\t\t\t\t\t<div class=\"elementor-container elementor-column-gap-default\">\n\t\t\t\t\t\t\t<div class=\"elementor-row\">\n\t\t\t\t\t<div class=\"elementor-column elementor-col-100 elementor-top-column elementor-element elementor-element-42ea3e5\" data-id=\"42ea3e5\" data-element_type=\"column\">\n\t\t\t<div class=\"elementor-column-wrap elementor-element-populated\">\n\t\t\t\t\t\t\t<div class=\"elementor-widget-wrap\">\n\t\t\t\t\t\t\t\t<\/div>\n\t\t\t\t\t<\/div>\n\t\t<\/div>\n\t\t\t\t\t\t\t\t<\/div>\n\t\t\t\t\t<\/div>\n\t\t<\/section>\n\t\t\t\t<section class=\"elementor-section elementor-top-section elementor-element elementor-element-3ee4954 elementor-section-boxed elementor-section-height-default elementor-section-height-default\" data-id=\"3ee4954\" data-element_type=\"section\">\n\t\t\t\t\t\t<div class=\"elementor-container elementor-column-gap-default\">\n\t\t\t\t\t\t\t<div class=\"elementor-row\">\n\t\t\t\t\t<div class=\"elementor-column elementor-col-50 elementor-top-column elementor-element elementor-element-5ca6780\" data-id=\"5ca6780\" data-element_type=\"column\" data-settings=\"{&quot;background_background&quot;:&quot;classic&quot;}\">\n\t\t\t<div class=\"elementor-column-wrap elementor-element-populated\">\n\t\t\t\t\t\t\t<div class=\"elementor-widget-wrap\">\n\t\t\t\t\t\t<div class=\"elementor-element elementor-element-bd0ac1a elementor-widget elementor-widget-heading\" data-id=\"bd0ac1a\" data-element_type=\"widget\" data-widget_type=\"heading.default\">\n\t\t\t\t<div class=\"elementor-widget-container\">\n\t\t\t<h2 class=\"elementor-heading-title elementor-size-default\">B\u00c1DOGOS ELEMEK<\/h2>\t\t<\/div>\n\t\t\t\t<\/div>\n\t\t\t\t<div class=\"elementor-element elementor-element-52db110 service-post elementor-widget elementor-widget-text-editor\" data-id=\"52db110\" data-element_type=\"widget\" data-widget_type=\"text-editor.default\">\n\t\t\t\t<div class=\"elementor-widget-container\">\n\t\t\t\t\t\t\t\t<div class=\"elementor-text-editor elementor-clearfix\">\n\t\t\t\t<p><span style=\"font-weight: 400;\">Szolg\u00e1ltat\u00e1saink k\u00f6z\u00f6tt lakatos \u00e9s b\u00e1dogos munk\u00e1k ig\u00e9nybev\u00e9tel\u00e9re is van lehet\u0151s\u00e9g. Egyedi m\u00e9ret\u0171, speci\u00e1lis lemezek gy\u00e1rt\u00e1s\u00e1t, atipikus elemek beszerel\u00e9s\u00e9t, ereszcsatorna gy\u00e1rt\u00e1s\u00e1t, h\u0151szigetel\u0151 munk\u00e1kat, lakatos munk\u00e1kat \u00e9s tet\u0151fed\u00e9st is v\u00e1llalunk. Kiz\u00e1r\u00f3lag min\u0151s\u00e9gi alapanyagokkal dolgozunk, melyek t\u00f6bb \u00e9vtizeden \u00e1t kitartanak. <\/span><\/p>\n\t\t\t\t\t<\/div>\n\t\t\t\t\t\t<\/div>\n\t\t\t\t<\/div>\n\t\t\t\t\t\t<\/div>\n\t\t\t\t\t<\/div>\n\t\t<\/div>\n\t\t\t\t<div class=\"elementor-column elementor-col-50 elementor-top-column elementor-element elementor-element-0c931bc\" data-id=\"0c931bc\" data-element_type=\"column\" data-settings=\"{&quot;background_background&quot;:&quot;classic&quot;}\">\n\t\t\t<div class=\"elementor-column-wrap elementor-element-populated\">\n\t\t\t\t\t\t\t<div class=\"elementor-widget-wrap\">\n\t\t\t\t\t\t<div class=\"elementor-element elementor-element-46f0b10 elementor-widget elementor-widget-image\" data-id=\"46f0b10\" data-element_type=\"widget\" data-widget_type=\"image.default\">\n\t\t\t\t<div class=\"elementor-widget-container\">\n\t\t\t\t\t\t\t\t<div class=\"elementor-image\">\n\t\t\t\t\t\t\t\t\t\t\t\t<img width=\"547\" height=\"359\" src=\"https:\/\/www.ironex.sk\/wp-content\/uploads\/2020\/05\/20181217_104300-Medium-1-2.png\" class=\"attachment-large size-large\" alt=\"\" loading=\"lazy\" srcset=\"https:\/\/www.ironex.sk\/wp-content\/uploads\/2020\/05\/20181217_104300-Medium-1-2.png 547w, https:\/\/www.ironex.sk\/wp-content\/uploads\/2020\/05\/20181217_104300-Medium-1-2-300x197.png 300w\" sizes=\"(max-width: 547px) 100vw, 547px\" \/>\t\t\t\t\t\t\t\t\t\t\t\t\t\t<\/div>\n\t\t\t\t\t\t<\/div>\n\t\t\t\t<\/div>\n\t\t\t\t<div class=\"elementor-element elementor-element-2c548df elementor-align-right elementor-hidden-tablet elementor-hidden-phone elementor-absolute elementor-widget elementor-widget-button\" data-id=\"2c548df\" data-element_type=\"widget\" data-settings=\"{&quot;_position&quot;:&quot;absolute&quot;}\" data-widget_type=\"button.default\">\n\t\t\t\t<div class=\"elementor-widget-container\">\n\t\t\t\t\t<div class=\"elementor-button-wrapper\">\n\t\t\t<a class=\"elementor-button elementor-size-sm\" role=\"button\">\n\t\t\t\t\t\t<span class=\"elementor-button-content-wrapper\">\n\t\t\t\t\t\t<span class=\"elementor-button-text\"><\/span>\n\t\t<\/span>\n\t\t\t\t\t<\/a>\n\t\t<\/div>\n\t\t\t\t<\/div>\n\t\t\t\t<\/div>\n\t\t\t\t\t\t<\/div>\n\t\t\t\t\t<\/div>\n\t\t<\/div>\n\t\t\t\t\t\t\t\t<\/div>\n\t\t\t\t\t<\/div>\n\t\t<\/section>\n\t\t\t\t<section class=\"elementor-section elementor-top-section elementor-element elementor-element-509c102 elementor-section-boxed elementor-section-height-default elementor-section-height-default\" data-id=\"509c102\" data-element_type=\"section\">\n\t\t\t\t\t\t<div class=\"elementor-container elementor-column-gap-default\">\n\t\t\t\t\t\t\t<div class=\"elementor-row\">\n\t\t\t\t\t<div class=\"elementor-column elementor-col-50 elementor-top-column elementor-element elementor-element-55ca5c0\" data-id=\"55ca5c0\" data-element_type=\"column\" data-settings=\"{&quot;background_background&quot;:&quot;classic&quot;}\">\n\t\t\t<div class=\"elementor-column-wrap elementor-element-populated\">\n\t\t\t\t\t\t\t<div class=\"elementor-widget-wrap\">\n\t\t\t\t\t\t<div class=\"elementor-element elementor-element-27189f8 elementor-widget elementor-widget-heading\" data-id=\"27189f8\" data-element_type=\"widget\" data-widget_type=\"heading.default\">\n\t\t\t\t<div class=\"elementor-widget-container\">\n\t\t\t<h2 class=\"elementor-heading-title elementor-size-default\">\u00c9rdekli \u00d6nt?\t<\/h2>\t\t<\/div>\n\t\t\t\t<\/div>\n\t\t\t\t<div class=\"elementor-element elementor-element-bc43d97 elementor-widget-divider--view-line elementor-widget elementor-widget-divider\" data-id=\"bc43d97\" data-element_type=\"widget\" data-widget_type=\"divider.default\">\n\t\t\t\t<div class=\"elementor-widget-container\">\n\t\t\t\t\t<div class=\"elementor-divider\">\n\t\t\t<span class=\"elementor-divider-separator\">\n\t\t\t\t\t\t<\/span>\n\t\t<\/div>\n\t\t\t\t<\/div>\n\t\t\t\t<\/div>\n\t\t\t\t<div class=\"elementor-element elementor-element-57e6ab1 elementor-mobile-align-left elementor-widget elementor-widget-button\" data-id=\"57e6ab1\" data-element_type=\"widget\" data-widget_type=\"button.default\">\n\t\t\t\t<div class=\"elementor-widget-container\">\n\t\t\t\t\t<div class=\"elementor-button-wrapper\">\n\t\t\t<a href=\"https:\/\/www.ironex.sk\/hu\/kapcsolat\/\" class=\"elementor-button-link elementor-button elementor-size-sm\" role=\"button\">\n\t\t\t\t\t\t<span class=\"elementor-button-content-wrapper\">\n\t\t\t\t\t\t\t<span class=\"elementor-button-icon elementor-align-icon-right\">\n\t\t\t\t<i aria-hidden=\"true\" class=\"fas fa-angle-double-right\"><\/i>\t\t\t<\/span>\n\t\t\t\t\t\t<span class=\"elementor-button-text\">KERESSEN FEL MINKET!<\/span>\n\t\t<\/span>\n\t\t\t\t\t<\/a>\n\t\t<\/div>\n\t\t\t\t<\/div>\n\t\t\t\t<\/div>\n\t\t\t\t\t\t<\/div>\n\t\t\t\t\t<\/div>\n\t\t<\/div>\n\t\t\t\t<div class=\"elementor-column elementor-col-50 elementor-top-column elementor-element elementor-element-eea9eda\" data-id=\"eea9eda\" data-element_type=\"column\" data-settings=\"{&quot;background_background&quot;:&quot;classic&quot;}\">\n\t\t\t<div class=\"elementor-column-wrap elementor-element-populated\">\n\t\t\t\t\t<div class=\"elementor-background-overlay\"><\/div>\n\t\t\t\t\t\t\t<div class=\"elementor-widget-wrap\">\n\t\t\t\t\t\t<div class=\"elementor-element elementor-element-0c4636b elementor-widget elementor-widget-image\" data-id=\"0c4636b\" data-element_type=\"widget\" data-widget_type=\"image.default\">\n\t\t\t\t<div class=\"elementor-widget-container\">\n\t\t\t\t\t\t\t\t<div class=\"elementor-image\">\n\t\t\t\t\t\t\t\t\t\t\t\t<img width=\"236\" height=\"86\" src=\"https:\/\/www.ironex.sk\/wp-content\/uploads\/2020\/05\/ironex_logo-2.png\" class=\"attachment-medium size-medium\" alt=\"\" loading=\"lazy\" \/>\t\t\t\t\t\t\t\t\t\t\t\t\t\t<\/div>\n\t\t\t\t\t\t<\/div>\n\t\t\t\t<\/div>\n\t\t\t\t\t\t<\/div>\n\t\t\t\t\t<\/div>\n\t\t<\/div>\n\t\t\t\t\t\t\t\t<\/div>\n\t\t\t\t\t<\/div>\n\t\t<\/section>\n\t\t\t\t<section class=\"elementor-section elementor-top-section elementor-element elementor-element-6e84055 elementor-section-boxed elementor-section-height-default elementor-section-height-default\" data-id=\"6e84055\" data-element_type=\"section\">\n\t\t\t\t\t\t<div class=\"elementor-container elementor-column-gap-default\">\n\t\t\t\t\t\t\t<div class=\"elementor-row\">\n\t\t\t\t\t<div class=\"elementor-column elementor-col-100 elementor-top-column elementor-element elementor-element-ca82914\" data-id=\"ca82914\" data-element_type=\"column\">\n\t\t\t<div class=\"elementor-column-wrap elementor-element-populated\">\n\t\t\t\t\t\t\t<div class=\"elementor-widget-wrap\">\n\t\t\t\t\t\t<div class=\"elementor-element elementor-element-021ac8b elementor-widget elementor-widget-heading\" data-id=\"021ac8b\" data-element_type=\"widget\" data-widget_type=\"heading.default\">\n\t\t\t\t<div class=\"elementor-widget-container\">\n\t\t\t<h2 class=\"elementor-heading-title elementor-size-default\">Szolg\u00e1ltat\u00e1saink<\/h2>\t\t<\/div>\n\t\t\t\t<\/div>\n\t\t\t\t<section class=\"elementor-section elementor-inner-section elementor-element elementor-element-8fd3acf elementor-section-boxed elementor-section-height-default elementor-section-height-default\" data-id=\"8fd3acf\" data-element_type=\"section\">\n\t\t\t\t\t\t<div class=\"elementor-container elementor-column-gap-default\">\n\t\t\t\t\t\t\t<div class=\"elementor-row\">\n\t\t\t\t\t<div class=\"elementor-column elementor-col-33 elementor-inner-column elementor-element elementor-element-3304a44\" data-id=\"3304a44\" data-element_type=\"column\">\n\t\t\t<div class=\"elementor-column-wrap elementor-element-populated\">\n\t\t\t\t\t\t\t<div class=\"elementor-widget-wrap\">\n\t\t\t\t\t\t<div class=\"elementor-element elementor-element-20b35f7 elementor-widget elementor-widget-image\" data-id=\"20b35f7\" data-element_type=\"widget\" data-widget_type=\"image.default\">\n\t\t\t\t<div class=\"elementor-widget-container\">\n\t\t\t\t\t\t\t\t<div class=\"elementor-image\">\n\t\t\t\t\t\t\t\t\t\t\t\t\t<a href=\"https:\/\/www.ironex.sk\/montovane-haly-ironex\/\">\n\t\t\t\t\t\t\t<img src=\"https:\/\/www.ironex.sk\/wp-content\/uploads\/elementor\/thumbs\/3-wuth-Small-oqiqp3a7ryfm0wztbxhtirfy0zx7t9xcrvcnze2iee.jpg\" title=\"3 wuth (Small)\" alt=\"3 wuth (Small)\" \/>\t\t\t\t\t\t\t\t<\/a>\n\t\t\t\t\t\t\t\t\t\t\t\t\t\t<\/div>\n\t\t\t\t\t\t<\/div>\n\t\t\t\t<\/div>\n\t\t\t\t<div class=\"elementor-element elementor-element-0bc53cd elementor-widget elementor-widget-heading\" data-id=\"0bc53cd\" data-element_type=\"widget\" data-widget_type=\"heading.default\">\n\t\t\t\t<div class=\"elementor-widget-container\">\n\t\t\t<h2 class=\"elementor-heading-title elementor-size-default\"><a href=\"https:\/\/www.ironex.sk\/hu\/elokeszitett-termekek\/\">EL\u0150REGY\u00c1RTOTT CSARNOKOK >><\/a><\/h2>\t\t<\/div>\n\t\t\t\t<\/div>\n\t\t\t\t\t\t<\/div>\n\t\t\t\t\t<\/div>\n\t\t<\/div>\n\t\t\t\t<div class=\"elementor-column elementor-col-33 elementor-inner-column elementor-element elementor-element-370cc6b\" data-id=\"370cc6b\" data-element_type=\"column\">\n\t\t\t<div class=\"elementor-column-wrap elementor-element-populated\">\n\t\t\t\t\t\t\t<div class=\"elementor-widget-wrap\">\n\t\t\t\t\t\t<div class=\"elementor-element elementor-element-92c55d3 elementor-widget elementor-widget-image\" data-id=\"92c55d3\" data-element_type=\"widget\" data-widget_type=\"image.default\">\n\t\t\t\t<div class=\"elementor-widget-container\">\n\t\t\t\t\t\t\t\t<div class=\"elementor-image\">\n\t\t\t\t\t\t\t\t\t\t\t\t\t<a href=\"https:\/\/www.ironex.sk\/stresny-a-stenovy-system\/\">\n\t\t\t\t\t\t\t<img src=\"https:\/\/www.ironex.sk\/wp-content\/uploads\/elementor\/thumbs\/stresny-system-1-oq3t01tdgk3qy66cuqqzlfzkr0b9ejte3ex566y3dy.jpg\" title=\"stresny-system (1)\" alt=\"stresny system\" \/>\t\t\t\t\t\t\t\t<\/a>\n\t\t\t\t\t\t\t\t\t\t\t\t\t\t<\/div>\n\t\t\t\t\t\t<\/div>\n\t\t\t\t<\/div>\n\t\t\t\t<div class=\"elementor-element elementor-element-c63dcd9 elementor-widget elementor-widget-heading\" data-id=\"c63dcd9\" data-element_type=\"widget\" data-widget_type=\"heading.default\">\n\t\t\t\t<div class=\"elementor-widget-container\">\n\t\t\t<h2 class=\"elementor-heading-title elementor-size-default\"><a href=\"https:\/\/www.ironex.sk\/hu\/teto-es-falrendszer\/\">TET\u0150- \u00c9S FALRENDSZEREK >><\/a><\/h2>\t\t<\/div>\n\t\t\t\t<\/div>\n\t\t\t\t\t\t<\/div>\n\t\t\t\t\t<\/div>\n\t\t<\/div>\n\t\t\t\t<div class=\"elementor-column elementor-col-33 elementor-inner-column elementor-element elementor-element-98c923f\" data-id=\"98c923f\" data-element_type=\"column\">\n\t\t\t<div class=\"elementor-column-wrap elementor-element-populated\">\n\t\t\t\t\t\t\t<div class=\"elementor-widget-wrap\">\n\t\t\t\t\t\t<div class=\"elementor-element elementor-element-e4630a4 elementor-widget elementor-widget-image\" data-id=\"e4630a4\" data-element_type=\"widget\" data-widget_type=\"image.default\">\n\t\t\t\t<div class=\"elementor-widget-container\">\n\t\t\t\t\t\t\t\t<div class=\"elementor-image\">\n\t\t\t\t\t\t\t\t\t\t\t\t\t<a href=\"https:\/\/www.ironex.sk\/ocelove-konstrukcie\/\">\n\t\t\t\t\t\t\t<img src=\"https:\/\/www.ironex.sk\/wp-content\/uploads\/elementor\/thumbs\/ocelova-konstrukcia-small-2-oq3t2k1vonj9wqja7tr68t7trzyhxhrmftjr8r8asm.jpg\" title=\"ocelova-konstrukcia-small-(2)\" alt=\"ocelova-konstrukcia-small-(2)\" \/>\t\t\t\t\t\t\t\t<\/a>\n\t\t\t\t\t\t\t\t\t\t\t\t\t\t<\/div>\n\t\t\t\t\t\t<\/div>\n\t\t\t\t<\/div>\n\t\t\t\t<div class=\"elementor-element elementor-element-689053f elementor-widget elementor-widget-heading\" data-id=\"689053f\" data-element_type=\"widget\" data-widget_type=\"heading.default\">\n\t\t\t\t<div class=\"elementor-widget-container\">\n\t\t\t<h2 class=\"elementor-heading-title elementor-size-default\"><a href=\"https:\/\/www.ironex.sk\/hu\/acelszerkezetek\/\">AC\u00c9LSZERKEZETEK >><\/a><\/h2>\t\t<\/div>\n\t\t\t\t<\/div>\n\t\t\t\t\t\t<\/div>\n\t\t\t\t\t<\/div>\n\t\t<\/div>\n\t\t\t\t\t\t\t\t<\/div>\n\t\t\t\t\t<\/div>\n\t\t<\/section>\n\t\t\t\t<section class=\"elementor-section elementor-inner-section elementor-element elementor-element-20421d2 elementor-section-boxed elementor-section-height-default elementor-section-height-default\" data-id=\"20421d2\" data-element_type=\"section\">\n\t\t\t\t\t\t<div class=\"elementor-container elementor-column-gap-default\">\n\t\t\t\t\t\t\t<div class=\"elementor-row\">\n\t\t\t\t\t<div class=\"elementor-column elementor-col-33 elementor-inner-column elementor-element elementor-element-b983846\" data-id=\"b983846\" data-element_type=\"column\">\n\t\t\t<div class=\"elementor-column-wrap elementor-element-populated\">\n\t\t\t\t\t\t\t<div class=\"elementor-widget-wrap\">\n\t\t\t\t\t\t<div class=\"elementor-element elementor-element-0f966a7 elementor-widget elementor-widget-image\" data-id=\"0f966a7\" data-element_type=\"widget\" data-widget_type=\"image.default\">\n\t\t\t\t<div class=\"elementor-widget-container\">\n\t\t\t\t\t\t\t\t<div class=\"elementor-image\">\n\t\t\t\t\t\t\t\t\t\t\t\t\t<a href=\"https:\/\/www.ironex.sk\/obcianske-stavby\/\">\n\t\t\t\t\t\t\t<img src=\"https:\/\/www.ironex.sk\/wp-content\/uploads\/elementor\/thumbs\/20170501_101111-1-op4uzo5813q5h22p6law9t4gk0yzsk366qvqgch8yu.png\" title=\"20170501_101111 1\" alt=\"20170501_101111 1\" \/>\t\t\t\t\t\t\t\t<\/a>\n\t\t\t\t\t\t\t\t\t\t\t\t\t\t<\/div>\n\t\t\t\t\t\t<\/div>\n\t\t\t\t<\/div>\n\t\t\t\t<div class=\"elementor-element elementor-element-029cb7a elementor-widget elementor-widget-heading\" data-id=\"029cb7a\" data-element_type=\"widget\" data-widget_type=\"heading.default\">\n\t\t\t\t<div class=\"elementor-widget-container\">\n\t\t\t<h2 class=\"elementor-heading-title elementor-size-default\"><a href=\"https:\/\/www.ironex.sk\/hu\/melyepites\/\">LAK\u00d3EGYS\u00c9GEK >><\/a><\/h2>\t\t<\/div>\n\t\t\t\t<\/div>\n\t\t\t\t\t\t<\/div>\n\t\t\t\t\t<\/div>\n\t\t<\/div>\n\t\t\t\t<div class=\"elementor-column elementor-col-33 elementor-inner-column elementor-element elementor-element-b358b13\" data-id=\"b358b13\" data-element_type=\"column\">\n\t\t\t<div class=\"elementor-column-wrap elementor-element-populated\">\n\t\t\t\t\t\t\t<div class=\"elementor-widget-wrap\">\n\t\t\t\t\t\t<div class=\"elementor-element elementor-element-8963e77 elementor-widget elementor-widget-image\" data-id=\"8963e77\" data-element_type=\"widget\" data-widget_type=\"image.default\">\n\t\t\t\t<div class=\"elementor-widget-container\">\n\t\t\t\t\t\t\t\t<div class=\"elementor-image\">\n\t\t\t\t\t\t\t\t\t\t\t\t\t<a href=\"https:\/\/www.ironex.sk\/zamocnicke-a-klampiarske-prace\/\">\n\t\t\t\t\t\t\t<img src=\"https:\/\/www.ironex.sk\/wp-content\/uploads\/elementor\/thumbs\/klampiarske-small-oq3t7xomsiwcceq0t5gbigcs5dg3z54bufxs3r976u.jpg\" title=\"klampiarske-small\" alt=\"klampiarske-small\" \/>\t\t\t\t\t\t\t\t<\/a>\n\t\t\t\t\t\t\t\t\t\t\t\t\t\t<\/div>\n\t\t\t\t\t\t<\/div>\n\t\t\t\t<\/div>\n\t\t\t\t<div class=\"elementor-element elementor-element-4f3a84a elementor-widget elementor-widget-heading\" data-id=\"4f3a84a\" data-element_type=\"widget\" data-widget_type=\"heading.default\">\n\t\t\t\t<div class=\"elementor-widget-container\">\n\t\t\t<h2 class=\"elementor-heading-title elementor-size-default\"><a href=\"https:\/\/www.ironex.sk\/hu\/lakatos-munka\/\">LAKATOS \u00c9S B\u00c1DOGOS MUNK\u00c1K >><\/a><\/h2>\t\t<\/div>\n\t\t\t\t<\/div>\n\t\t\t\t\t\t<\/div>\n\t\t\t\t\t<\/div>\n\t\t<\/div>\n\t\t\t\t<div class=\"elementor-column elementor-col-33 elementor-inner-column elementor-element elementor-element-82e71b4\" data-id=\"82e71b4\" data-element_type=\"column\">\n\t\t\t<div class=\"elementor-column-wrap elementor-element-populated\">\n\t\t\t\t\t\t\t<div class=\"elementor-widget-wrap\">\n\t\t\t\t\t\t<div class=\"elementor-element elementor-element-dfd2ab1 elementor-widget elementor-widget-image\" data-id=\"dfd2ab1\" data-element_type=\"widget\" data-widget_type=\"image.default\">\n\t\t\t\t<div class=\"elementor-widget-container\">\n\t\t\t\t\t\t\t\t<div class=\"elementor-image\">\n\t\t\t\t\t\t\t\t\t\t\t\t\t<a href=\"https:\/\/www.ironex.sk\/tvarove-palenie\/\">\n\t\t\t\t\t\t\t<img src=\"https:\/\/www.ironex.sk\/wp-content\/uploads\/elementor\/thumbs\/tvarovr-palenie-small-oq3tapbiwyoqj2pancirur7n47t0n23vk538z35gva.jpg\" title=\"tvarovr-palenie-small\" alt=\"tvarovr-palenie-small\" \/>\t\t\t\t\t\t\t\t<\/a>\n\t\t\t\t\t\t\t\t\t\t\t\t\t\t<\/div>\n\t\t\t\t\t\t<\/div>\n\t\t\t\t<\/div>\n\t\t\t\t<div class=\"elementor-element elementor-element-f777911 elementor-widget elementor-widget-heading\" data-id=\"f777911\" data-element_type=\"widget\" data-widget_type=\"heading.default\">\n\t\t\t\t<div class=\"elementor-widget-container\">\n\t\t\t<h2 class=\"elementor-heading-title elementor-size-default\"><a href=\"https:\/\/www.ironex.sk\/hu\/modositott-eges\/\">TERMIKUS V\u00c1G\u00c1S >><\/a><\/h2>\t\t<\/div>\n\t\t\t\t<\/div>\n\t\t\t\t\t\t<\/div>\n\t\t\t\t\t<\/div>\n\t\t<\/div>\n\t\t\t\t\t\t\t\t<\/div>\n\t\t\t\t\t<\/div>\n\t\t<\/section>\n\t\t\t\t\t\t<\/div>\n\t\t\t\t\t<\/div>\n\t\t<\/div>\n\t\t\t\t\t\t\t\t<\/div>\n\t\t\t\t\t<\/div>\n\t\t<\/section>\n\t\t\t\t\t\t\t\t\t<\/div>\n\t\t\t<\/div>\n\t\t\t\t\t<\/div>\n\t\t","protected":false},"excerpt":{"rendered":"<p>B\u00c1DOGOS ELEMEK Szolg\u00e1ltat\u00e1saink k\u00f6z\u00f6tt lakatos \u00e9s b\u00e1dogos munk\u00e1k ig\u00e9nybev\u00e9tel\u00e9re is van lehet\u0151s\u00e9g. Egyedi m\u00e9ret\u0171, speci\u00e1lis lemezek gy\u00e1rt\u00e1s\u00e1t, atipikus elemek beszerel\u00e9s\u00e9t, ereszcsatorna gy\u00e1rt\u00e1s\u00e1t, h\u0151szigetel\u0151 munk\u00e1kat, lakatos munk\u00e1kat \u00e9s tet\u0151fed\u00e9st is v\u00e1llalunk. Kiz\u00e1r\u00f3lag min\u0151s\u00e9gi alapanyagokkal dolgozunk, melyek t\u00f6bb \u00e9vtizeden \u00e1t kitartanak. \u00c9rdekli \u00d6nt? KERESSEN FEL MINKET! Szolg\u00e1ltat\u00e1saink EL\u0150REGY\u00c1RTOTT CSARNOKOK >> TET\u0150- \u00c9S FALRENDSZEREK >> AC\u00c9LSZERKEZETEK >> LAK\u00d3EGYS\u00c9GEK [&hellip;]<\/p>\n","protected":false},"author":1,"featured_media":0,"parent":0,"menu_order":0,"comment_status":"closed","ping_status":"closed","template":"elementor_header_footer","meta":[],"_links":{"self":[{"href":"https:\/\/www.ironex.sk\/hu\/wp-json\/wp\/v2\/pages\/4275"}],"collection":[{"href":"https:\/\/www.ironex.sk\/hu\/wp-json\/wp\/v2\/pages"}],"about":[{"href":"https:\/\/www.ironex.sk\/hu\/wp-json\/wp\/v2\/types\/page"}],"author":[{"embeddable":true,"href":"https:\/\/www.ironex.sk\/hu\/wp-json\/wp\/v2\/users\/1"}],"replies":[{"embeddable":true,"href":"https:\/\/www.ironex.sk\/hu\/wp-json\/wp\/v2\/comments?post=4275"}],"version-history":[{"count":0,"href":"https:\/\/www.ironex.sk\/hu\/wp-json\/wp\/v2\/pages\/4275\/revisions"}],"wp:attachment":[{"href":"https:\/\/www.ironex.sk\/hu\/wp-json\/wp\/v2\/media?parent=4275"}],"curies":[{"name":"wp","href":"https:\/\/api.w.org\/{rel}","templated":true}]}}